{"id":6298,"date":"2023-11-23T22:58:22","date_gmt":"2023-11-23T22:58:22","guid":{"rendered":"https:\/\/immigration.rowatek.com\/?page_id=6298"},"modified":"2023-11-26T21:25:40","modified_gmt":"2023-11-26T21:25:40","slug":"quem-somos-nos","status":"publish","type":"page","link":"https:\/\/immigration.rowatek.com\/index.php\/pt\/quem-somos-nos\/","title":{"rendered":"quem somos n\u00f3s"},"content":{"rendered":"\t\t<div data-elementor-type=\"wp-page\" data-elementor-id=\"6298\" class=\"elementor elementor-6298\">\n\t\t\t\t\t\t\t\t\t<section class=\"elementor-section elementor-top-section elementor-element elementor-element-7f3cbd8 elementor-section-content-middle ot-traditional elementor-section-boxed elementor-section-height-default elementor-section-height-default\" data-id=\"7f3cbd8\" data-element_type=\"section\" data-settings=\"{&quot;background_background&quot;:&quot;classic&quot;}\">\n\t\t\t\t\t\t<div class=\"elementor-container elementor-column-gap-extended\">\n\t\t\t\t\t<div class=\"elementor-column elementor-col-50 elementor-top-column elementor-element elementor-element-7564da8 ot-flex-column-vertical\" data-id=\"7564da8\" data-element_type=\"column\">\n\t\t\t<div class=\"elementor-widget-wrap elementor-element-populated\">\n\t\t\t\t\t\t\t\t<section class=\"elementor-section elementor-inner-section elementor-element elementor-element-c97a89f elementor-section-full_width ot-layout_block elementor-section-height-default elementor-section-height-default\" data-id=\"c97a89f\" data-element_type=\"section\">\n\t\t\t\t\t\t<div class=\"elementor-container elementor-column-gap-extended\">\n\t\t\t\t\t<div class=\"elementor-column elementor-col-100 elementor-inner-column elementor-element elementor-element-d9c942d ot-flex-column-vertical\" data-id=\"d9c942d\" data-element_type=\"column\">\n\t\t\t<div class=\"elementor-widget-wrap elementor-element-populated\">\n\t\t\t\t\t\t\t\t<div class=\"elementor-element elementor-element-92d9139 elementor-widget elementor-widget-image\" data-id=\"92d9139\" data-element_type=\"widget\" data-widget_type=\"image.default\">\n\t\t\t\t<div class=\"elementor-widget-container\">\n\t\t\t<style>\/*! elementor - v3.17.0 - 08-11-2023 *\/\n.elementor-widget-image{text-align:center}.elementor-widget-image a{display:inline-block}.elementor-widget-image a img[src$=\".svg\"]{width:48px}.elementor-widget-image img{vertical-align:middle;display:inline-block}<\/style>\t\t\t\t\t\t\t\t\t\t\t\t<img fetchpriority=\"high\" decoding=\"async\" width=\"676\" height=\"1024\" src=\"https:\/\/immigration.rowatek.com\/wp-content\/uploads\/2023\/11\/Male-Student-800x1211-1-676x1024.png\" class=\"attachment-large size-large wp-image-5604\" alt=\"\" srcset=\"https:\/\/immigration.rowatek.com\/wp-content\/uploads\/2023\/11\/Male-Student-800x1211-1-676x1024.png 676w, https:\/\/immigration.rowatek.com\/wp-content\/uploads\/2023\/11\/Male-Student-800x1211-1-198x300.png 198w, https:\/\/immigration.rowatek.com\/wp-content\/uploads\/2023\/11\/Male-Student-800x1211-1-768x1163.png 768w, https:\/\/immigration.rowatek.com\/wp-content\/uploads\/2023\/11\/Male-Student-800x1211-1-720x1090.png 720w, https:\/\/immigration.rowatek.com\/wp-content\/uploads\/2023\/11\/Male-Student-800x1211-1.png 800w\" sizes=\"(max-width: 676px) 100vw, 676px\" \/>\t\t\t\t\t\t\t\t\t\t\t\t\t\t\t<\/div>\n\t\t\t\t<\/div>\n\t\t\t\t\t<\/div>\n\t\t<\/div>\n\t\t\t\t\t\t\t<\/div>\n\t\t<\/section>\n\t\t\t\t\t<\/div>\n\t\t<\/div>\n\t\t\t\t<div class=\"elementor-column elementor-col-50 elementor-top-column elementor-element elementor-element-9fc2569 ot-flex-column-vertical\" data-id=\"9fc2569\" data-element_type=\"column\">\n\t\t\t<div class=\"elementor-widget-wrap elementor-element-populated\">\n\t\t\t\t\t\t\t\t<div class=\"elementor-element elementor-element-925ee15 elementor-widget elementor-widget-iheading\" data-id=\"925ee15\" data-element_type=\"widget\" data-widget_type=\"iheading.default\">\n\t\t\t\t<div class=\"elementor-widget-container\">\n\t\t\t\t\t<div class=\"ot-heading\">\r\n\t        \t            <span>company<\/span>\r\n\t        <h2 class=\"main-heading\">Sobre a empresa<\/h2>\t    <\/div>\r\n\t    \t\t<\/div>\n\t\t\t\t<\/div>\n\t\t\t\t<div class=\"elementor-element elementor-element-5f326aa elementor-widget elementor-widget-text-editor\" data-id=\"5f326aa\" data-element_type=\"widget\" data-widget_type=\"text-editor.default\">\n\t\t\t\t<div class=\"elementor-widget-container\">\n\t\t\t<style>\/*! elementor - v3.17.0 - 08-11-2023 *\/\n.elementor-widget-text-editor.elementor-drop-cap-view-stacked .elementor-drop-cap{background-color:#69727d;color:#fff}.elementor-widget-text-editor.elementor-drop-cap-view-framed .elementor-drop-cap{color:#69727d;border:3px solid;background-color:transparent}.elementor-widget-text-editor:not(.elementor-drop-cap-view-default) .elementor-drop-cap{margin-top:8px}.elementor-widget-text-editor:not(.elementor-drop-cap-view-default) .elementor-drop-cap-letter{width:1em;height:1em}.elementor-widget-text-editor .elementor-drop-cap{float:left;text-align:center;line-height:1;font-size:50px}.elementor-widget-text-editor .elementor-drop-cap-letter{display:inline-block}<\/style>\t\t\t\t<p>Na Falamabordo, orgulhamo-nos de fornecer servi\u00e7os abrangentes nas \u00e1reas de viagens, imigra\u00e7\u00e3o, turismo e estudos no estrangeiro. A nossa sede est\u00e1 localizada no cora\u00e7\u00e3o da capital portuguesa, Lisboa.<\/p><p>Servi\u00e7os tur\u00edsticos na Europa:<br \/>Prestamos servi\u00e7os tur\u00edsticos especializados na Europa, onde o ajudamos a planear e organizar programas tur\u00edsticos agrad\u00e1veis \u200b\u200be personalizados que v\u00e3o ao encontro dos seus interesses e expectativas.<\/p><p>Estude os servi\u00e7os de turismo na Europa:<br \/>A [Nome da Empresa] fornece servi\u00e7os integrados para estudantes que desejam estudar na Europa. Ajudamos voc\u00ea a escolher as universidades e programas de estudo apropriados e oferecemos suporte no processo de admiss\u00e3o e no preenchimento de todos os requisitos necess\u00e1rios.<\/p><p>Servi\u00e7os Europeus de Bolsas:<br \/>Ajudamos os estudantes a obter as bolsas europeias que lhes s\u00e3o adequadas. Orientando-os na escolha das melhores oportunidades e ajudando-os no preenchimento de todos os requisitos necess\u00e1rios para a candidatura.<\/p>\t\t\t\t\t\t<\/div>\n\t\t\t\t<\/div>\n\t\t\t\t<div class=\"elementor-element elementor-element-5df7912 elementor-hidden-desktop elementor-hidden-tablet elementor-hidden-mobile elementor-widget elementor-widget-ivideopopup\" data-id=\"5df7912\" data-element_type=\"widget\" data-widget_type=\"ivideopopup.default\">\n\t\t\t\t<div class=\"elementor-widget-container\">\n\t\t\t\t\t<div class=\"video-popup\">\r\n\t\t\t<div class=\"btn-inner\">\r\n\t\t        <a class=\"btn-play\" href=\"https:\/\/www.youtube.com\/watch?v=yumsLC23KRo\">\r\n\t\t        \t<i class=\"flaticon-play\"><\/i>\r\n\t\t        \t\t\t        \t<span class=\"circle-1\"><\/span>\r\n\t\t\t\t\t<span class=\"circle-2\"><\/span>\r\n\t\t\t\t\t\t\t        <\/a>\r\n\t        <\/div>\r\n\t        <span>V\u00eddeo sobre a empresa<\/span>\t    <\/div>\r\n\t    \t\t<\/div>\n\t\t\t\t<\/div>\n\t\t\t\t\t<\/div>\n\t\t<\/div>\n\t\t\t\t\t\t\t<\/div>\n\t\t<\/section>\n\t\t\t\t<section class=\"elementor-section elementor-top-section elementor-element elementor-element-5a170c3 elementor-section-content-middle ot-traditional elementor-section-boxed elementor-section-height-default elementor-section-height-default\" data-id=\"5a170c3\" data-element_type=\"section\">\n\t\t\t\t\t\t<div class=\"elementor-container elementor-column-gap-extended\">\n\t\t\t\t\t<div class=\"elementor-column elementor-col-50 elementor-top-column elementor-element elementor-element-10ea3ee ot-flex-column-vertical\" data-id=\"10ea3ee\" data-element_type=\"column\">\n\t\t\t<div class=\"elementor-widget-wrap elementor-element-populated\">\n\t\t\t\t\t\t\t\t<div class=\"elementor-element elementor-element-1b1c84a elementor-widget elementor-widget-iheading\" data-id=\"1b1c84a\" data-element_type=\"widget\" data-widget_type=\"iheading.default\">\n\t\t\t\t<div class=\"elementor-widget-container\">\n\t\t\t\t\t<div class=\"ot-heading\">\r\n\t        \t            <span>  contact us<\/span>\r\n\t        <h2 class=\"main-heading\">conecte-se conosco<\/h2>\t    <\/div>\r\n\t    \t\t<\/div>\n\t\t\t\t<\/div>\n\t\t\t\t<div class=\"elementor-element elementor-element-227e345 elementor-widget elementor-widget-text-editor\" data-id=\"227e345\" data-element_type=\"widget\" data-widget_type=\"text-editor.default\">\n\t\t\t\t<div class=\"elementor-widget-container\">\n\t\t\t\t\t\t\t<p>Fique longe de complica\u00e7\u00f5es e entre em contato conosco hoje para iniciar uma experi\u00eancia \u00fanica no mundo das viagens e da educa\u00e7\u00e3o&#8230;<\/p>\t\t\t\t\t\t<\/div>\n\t\t\t\t<\/div>\n\t\t\t\t<div class=\"elementor-element elementor-element-08dd206 elementor-widget elementor-widget-icontact_info\" data-id=\"08dd206\" data-element_type=\"widget\" data-widget_type=\"icontact_info.default\">\n\t\t\t\t<div class=\"elementor-widget-container\">\n\t\t\t\t\t\t\t\t    \t<div class=\"contact-info box-style1\">\r\n\t\t\t\t\t\t\t\t    \t\t        <i class=\"flaticon-world-globe\"><\/i>\t\t\t        <div class=\"info-text\">\r\n\t\t\t        \t<h6>endere\u00e7o:<\/h6>\r\n\t\t\t        \t<p>R.5 de Outubro N9 3D, 2650-332 Amadora Portugal<\/p>\r\n\t\t\t        <\/div>\r\n\t\t\t    <\/div>\r\n\t\t    \t    \t\t<\/div>\n\t\t\t\t<\/div>\n\t\t\t\t<div class=\"elementor-element elementor-element-01697a5 elementor-widget elementor-widget-icontact_info\" data-id=\"01697a5\" data-element_type=\"widget\" data-widget_type=\"icontact_info.default\">\n\t\t\t\t<div class=\"elementor-widget-container\">\n\t\t\t\t\t\t\t\t    \t<div class=\"contact-info box-style1\">\r\n\t\t\t\t\t\t\t\t    \t\t        <i class=\"flaticon-envelope\"><\/i>\t\t\t        <div class=\"info-text\">\r\n\t\t\t        \t<h6>E-mail:<\/h6>\r\n\t\t\t        \t<p>geral@falamabordo.pt<\/p>\r\n\t\t\t        <\/div>\r\n\t\t\t    <\/div>\r\n\t\t    \t    \t\t<\/div>\n\t\t\t\t<\/div>\n\t\t\t\t<div class=\"elementor-element elementor-element-874e7d1 elementor-widget elementor-widget-icontact_info\" data-id=\"874e7d1\" data-element_type=\"widget\" data-widget_type=\"icontact_info.default\">\n\t\t\t\t<div class=\"elementor-widget-container\">\n\t\t\t\t\t\t\t\t    \t<div class=\"contact-info box-style1\">\r\n\t\t\t\t\t\t\t\t    \t\t        <i class=\"flaticon-phone-1\"><\/i>\t\t\t        <div class=\"info-text\">\r\n\t\t\t        \t<h6> telefone:<\/h6>\r\n\t\t\t        \t<p>351913638231+<\/p>\r\n\t\t\t        <\/div>\r\n\t\t\t    <\/div>\r\n\t\t    \t    \t\t<\/div>\n\t\t\t\t<\/div>\n\t\t\t\t\t<\/div>\n\t\t<\/div>\n\t\t\t\t<div class=\"elementor-column elementor-col-50 elementor-top-column elementor-element elementor-element-0a410d1 ot-flex-column-vertical\" data-id=\"0a410d1\" data-element_type=\"column\">\n\t\t\t<div class=\"elementor-widget-wrap elementor-element-populated\">\n\t\t\t\t\t\t\t\t<div class=\"elementor-element elementor-element-8c0ce11 elementor-widget elementor-widget-google_maps\" data-id=\"8c0ce11\" data-element_type=\"widget\" data-widget_type=\"google_maps.default\">\n\t\t\t\t<div class=\"elementor-widget-container\">\n\t\t\t<style>\/*! elementor - v3.17.0 - 08-11-2023 *\/\n.elementor-widget-google_maps .elementor-widget-container{overflow:hidden}.elementor-widget-google_maps .elementor-custom-embed{line-height:0}.elementor-widget-google_maps iframe{height:300px}<\/style>\t\t<div class=\"elementor-custom-embed\">\n\t\t\t<iframe loading=\"lazy\"\n\t\t\t\t\tsrc=\"https:\/\/maps.google.com\/maps?q=R%205%20DE%20OUTUBRO%20NR%209%203DT%2C%20Amadora%2C%20Portugal&#038;t=m&#038;z=13&#038;output=embed&#038;iwloc=near\"\n\t\t\t\t\ttitle=\"R 5 DE OUTUBRO NR 9 3DT, Amadora, Portugal\"\n\t\t\t\t\taria-label=\"R 5 DE OUTUBRO NR 9 3DT, Amadora, Portugal\"\n\t\t\t><\/iframe>\n\t\t<\/div>\n\t\t\t\t<\/div>\n\t\t\t\t<\/div>\n\t\t\t\t\t<\/div>\n\t\t<\/div>\n\t\t\t\t\t\t\t<\/div>\n\t\t<\/section>\n\t\t\t\t<section class=\"elementor-section elementor-top-section elementor-element elementor-element-7d9b739 elementor-section-content-middle ot-traditional elementor-section-boxed elementor-section-height-default elementor-section-height-default\" data-id=\"7d9b739\" data-element_type=\"section\" data-settings=\"{&quot;background_background&quot;:&quot;classic&quot;}\">\n\t\t\t\t\t\t<div class=\"elementor-container elementor-column-gap-extended\">\n\t\t\t\t\t<div class=\"elementor-column elementor-col-50 elementor-top-column elementor-element elementor-element-841992b ot-flex-column-vertical\" data-id=\"841992b\" data-element_type=\"column\">\n\t\t\t<div class=\"elementor-widget-wrap elementor-element-populated\">\n\t\t\t\t\t\t\t\t<div class=\"elementor-element elementor-element-317c919 elementor-widget elementor-widget-iheading\" data-id=\"317c919\" data-element_type=\"widget\" data-widget_type=\"iheading.default\">\n\t\t\t\t<div class=\"elementor-widget-container\">\n\t\t\t\t\t<div class=\"ot-heading\">\r\n\t        <h2 class=\"main-heading\">O nosso escrit\u00f3rio fica em Lisboa<\/h2>\t    <\/div>\r\n\t    \t\t<\/div>\n\t\t\t\t<\/div>\n\t\t\t\t<div class=\"elementor-element elementor-element-57fd07c elementor-widget elementor-widget-text-editor\" data-id=\"57fd07c\" data-element_type=\"widget\" data-widget_type=\"text-editor.default\">\n\t\t\t\t<div class=\"elementor-widget-container\">\n\t\t\t\t\t\t\t<p>A sede da Falamabordo est\u00e1 localizada no cora\u00e7\u00e3o da capital portuguesa, Lisboa. Esta localiza\u00e7\u00e3o estrat\u00e9gica permite-nos prestar eficazmente os nossos servi\u00e7os a clientes em toda a regi\u00e3o.<\/p><p>Nossa vis\u00e3o \u00e9 proporcionar experi\u00eancias \u00fanicas e especializadas aos nossos clientes, e garantir o alcance de seus objetivos educacionais e tur\u00edsticos. Contando com nossa vasta experi\u00eancia e equipe de trabalho qualificada, estamos aqui para realizar seus sonhos e facilitar sua jornada na explora\u00e7\u00e3o de um novo mundo.<\/p><p>Fique longe de complica\u00e7\u00f5es e entre em contato conosco hoje para iniciar uma experi\u00eancia \u00fanica no mundo das viagens e da educa\u00e7\u00e3o.<\/p>\t\t\t\t\t\t<\/div>\n\t\t\t\t<\/div>\n\t\t\t\t\t<\/div>\n\t\t<\/div>\n\t\t\t\t<div class=\"elementor-column elementor-col-50 elementor-top-column elementor-element elementor-element-8e070ef ot-flex-column-vertical\" data-id=\"8e070ef\" data-element_type=\"column\">\n\t\t\t<div class=\"elementor-widget-wrap elementor-element-populated\">\n\t\t\t\t\t\t\t\t<section class=\"elementor-section elementor-inner-section elementor-element elementor-element-9083637 elementor-section-full_width ot-layout_block elementor-section-height-default elementor-section-height-default\" data-id=\"9083637\" data-element_type=\"section\">\n\t\t\t\t\t\t<div class=\"elementor-container elementor-column-gap-extended\">\n\t\t\t\t\t<div class=\"elementor-column elementor-col-100 elementor-inner-column elementor-element elementor-element-87a0eaf ot-flex-column-vertical\" data-id=\"87a0eaf\" data-element_type=\"column\">\n\t\t\t<div class=\"elementor-widget-wrap elementor-element-populated\">\n\t\t\t\t\t\t\t\t<div class=\"elementor-element elementor-element-57ac1f6 elementor-widget elementor-widget-image\" data-id=\"57ac1f6\" data-element_type=\"widget\" data-widget_type=\"image.default\">\n\t\t\t\t<div class=\"elementor-widget-container\">\n\t\t\t\t\t\t\t\t\t\t\t\t\t\t\t<img decoding=\"async\" width=\"722\" height=\"1024\" src=\"https:\/\/immigration.rowatek.com\/wp-content\/uploads\/2023\/11\/girl-with-hat-722x1024.png\" class=\"attachment-large size-large wp-image-5678\" alt=\"\" srcset=\"https:\/\/immigration.rowatek.com\/wp-content\/uploads\/2023\/11\/girl-with-hat-722x1024.png 722w, https:\/\/immigration.rowatek.com\/wp-content\/uploads\/2023\/11\/girl-with-hat-212x300.png 212w, https:\/\/immigration.rowatek.com\/wp-content\/uploads\/2023\/11\/girl-with-hat-768x1089.png 768w, https:\/\/immigration.rowatek.com\/wp-content\/uploads\/2023\/11\/girl-with-hat-1084x1536.png 1084w, https:\/\/immigration.rowatek.com\/wp-content\/uploads\/2023\/11\/girl-with-hat-1445x2048.png 1445w, https:\/\/immigration.rowatek.com\/wp-content\/uploads\/2023\/11\/girl-with-hat-720x1021.png 720w, https:\/\/immigration.rowatek.com\/wp-content\/uploads\/2023\/11\/girl-with-hat.png 1619w\" sizes=\"(max-width: 722px) 100vw, 722px\" \/>\t\t\t\t\t\t\t\t\t\t\t\t\t\t\t<\/div>\n\t\t\t\t<\/div>\n\t\t\t\t\t<\/div>\n\t\t<\/div>\n\t\t\t\t\t\t\t<\/div>\n\t\t<\/section>\n\t\t\t\t\t<\/div>\n\t\t<\/div>\n\t\t\t\t\t\t\t<\/div>\n\t\t<\/section>\n\t\t\t\t<section class=\"elementor-section elementor-top-section elementor-element elementor-element-db45bce ot-traditional elementor-section-boxed elementor-section-height-default elementor-section-height-default\" data-id=\"db45bce\" data-element_type=\"section\" data-settings=\"{&quot;background_background&quot;:&quot;classic&quot;}\">\n\t\t\t\t\t\t<div class=\"elementor-container elementor-column-gap-default\">\n\t\t\t\t\t<div class=\"elementor-column elementor-col-100 elementor-top-column elementor-element elementor-element-aa78013 ot-flex-column-vertical\" data-id=\"aa78013\" data-element_type=\"column\">\n\t\t\t<div class=\"elementor-widget-wrap elementor-element-populated\">\n\t\t\t\t\t\t\t\t<div class=\"elementor-element elementor-element-924103c elementor-widget elementor-widget-iheading\" data-id=\"924103c\" data-element_type=\"widget\" data-widget_type=\"iheading.default\">\n\t\t\t\t<div class=\"elementor-widget-container\">\n\t\t\t\t\t<div class=\"ot-heading\">\r\n\t        \t            <span>team<\/span>\r\n\t        <h2 class=\"main-heading\">Nosso time<\/h2>\t    <\/div>\r\n\t    \t\t<\/div>\n\t\t\t\t<\/div>\n\t\t\t\t<div class=\"elementor-element elementor-element-cb963fe elementor-widget elementor-widget-text-editor\" data-id=\"cb963fe\" data-element_type=\"widget\" data-widget_type=\"text-editor.default\">\n\t\t\t\t<div class=\"elementor-widget-container\">\n\t\t\t\t\t\t\t<p>Uma equipe profissional est\u00e1 sempre ao seu servi\u00e7o, dispon\u00edvel 24 horas por dia, 7 dias por semana<\/p>\t\t\t\t\t\t<\/div>\n\t\t\t\t<\/div>\n\t\t\t\t<section class=\"elementor-section elementor-inner-section elementor-element elementor-element-00948eb elementor-section-full_width ot-traditional elementor-section-height-default elementor-section-height-default\" data-id=\"00948eb\" data-element_type=\"section\">\n\t\t\t\t\t\t<div class=\"elementor-container elementor-column-gap-no\">\n\t\t\t\t\t<div class=\"elementor-column elementor-col-25 elementor-inner-column elementor-element elementor-element-6ec44f4 ot-flex-column-vertical\" data-id=\"6ec44f4\" data-element_type=\"column\">\n\t\t\t<div class=\"elementor-widget-wrap elementor-element-populated\">\n\t\t\t\t\t\t\t\t<div class=\"elementor-element elementor-element-4d2cc84 elementor-widget elementor-widget-imember\" data-id=\"4d2cc84\" data-element_type=\"widget\" data-widget_type=\"imember.default\">\n\t\t\t\t<div class=\"elementor-widget-container\">\n\t\t\t\r\n\t\t<div class=\"team-wrap\">\r\n\t\t\t\t\t\t<div class=\"team-thumb\">\r\n\t\t\t\t<img decoding=\"async\" width=\"720\" height=\"987\" src=\"https:\/\/immigration.rowatek.com\/wp-content\/uploads\/2020\/01\/member1.jpg\" class=\"attachment-full size-full wp-image-1437\" alt=\"\" srcset=\"https:\/\/immigration.rowatek.com\/wp-content\/uploads\/2020\/01\/member1.jpg 720w, https:\/\/immigration.rowatek.com\/wp-content\/uploads\/2020\/01\/member1-219x300.jpg 219w\" sizes=\"(max-width: 720px) 100vw, 720px\" \/>\t\t\t\t                    <div class=\"team-social flex-middle\">\r\n                    \t<div>\r\n                                                                                    <a rel=\"nofollow\" \r\n                                        href=\"#\" class=\"instagram\">\r\n                                     <i class=\"fab fa-instagram\"><\/i>\r\n                                <\/a>\r\n                                                                        \t<\/div>\r\n                    <\/div>  \r\n                \t\t\t<\/div>\r\n\t\t\t\t\t\t<div class=\"team-info\">\r\n\t\t\t\t<h4>Mohamed<\/h4>\r\n\t\t\t\t<span>CEO<\/span>\r\n\t\t\t<\/div>\r\n\t\t<\/div>\r\n\t        \r\n\t    \t\t<\/div>\n\t\t\t\t<\/div>\n\t\t\t\t\t<\/div>\n\t\t<\/div>\n\t\t\t\t<div class=\"elementor-column elementor-col-25 elementor-inner-column elementor-element elementor-element-99bea18 ot-flex-column-vertical\" data-id=\"99bea18\" data-element_type=\"column\">\n\t\t\t<div class=\"elementor-widget-wrap elementor-element-populated\">\n\t\t\t\t\t\t\t\t<div class=\"elementor-element elementor-element-e50944d elementor-widget elementor-widget-imember\" data-id=\"e50944d\" data-element_type=\"widget\" data-widget_type=\"imember.default\">\n\t\t\t\t<div class=\"elementor-widget-container\">\n\t\t\t\r\n\t\t<div class=\"team-wrap\">\r\n\t\t\t\t\t\t<div class=\"team-thumb\">\r\n\t\t\t\t<img loading=\"lazy\" decoding=\"async\" width=\"720\" height=\"986\" src=\"https:\/\/immigration.rowatek.com\/wp-content\/uploads\/2020\/01\/member2.jpg\" class=\"attachment-full size-full wp-image-1438\" alt=\"\" srcset=\"https:\/\/immigration.rowatek.com\/wp-content\/uploads\/2020\/01\/member2.jpg 720w, https:\/\/immigration.rowatek.com\/wp-content\/uploads\/2020\/01\/member2-219x300.jpg 219w\" sizes=\"(max-width: 720px) 100vw, 720px\" \/>\t\t\t\t                    <div class=\"team-social flex-middle\">\r\n                    \t<div>\r\n                                                                                    <a rel=\"nofollow\" \r\n                                        href=\"#\" class=\"twitter\">\r\n                                     <i class=\"fab fa-twitter\"><\/i>\r\n                                <\/a>\r\n                                                                        \t<\/div>\r\n                    <\/div>  \r\n                \t\t\t<\/div>\r\n\t\t\t\t\t\t<div class=\"team-info\">\r\n\t\t\t\t<h4>Chaymae<\/h4>\r\n\t\t\t\t<span>Vice CEO<\/span>\r\n\t\t\t<\/div>\r\n\t\t<\/div>\r\n\t        \r\n\t    \t\t<\/div>\n\t\t\t\t<\/div>\n\t\t\t\t\t<\/div>\n\t\t<\/div>\n\t\t\t\t<div class=\"elementor-column elementor-col-25 elementor-inner-column elementor-element elementor-element-56cd4a7 ot-flex-column-vertical\" data-id=\"56cd4a7\" data-element_type=\"column\">\n\t\t\t<div class=\"elementor-widget-wrap elementor-element-populated\">\n\t\t\t\t\t\t\t\t<div class=\"elementor-element elementor-element-06c329b elementor-widget elementor-widget-imember\" data-id=\"06c329b\" data-element_type=\"widget\" data-widget_type=\"imember.default\">\n\t\t\t\t<div class=\"elementor-widget-container\">\n\t\t\t\r\n\t\t<div class=\"team-wrap\">\r\n\t\t\t\t\t\t<div class=\"team-thumb\">\r\n\t\t\t\t<img loading=\"lazy\" decoding=\"async\" width=\"720\" height=\"986\" src=\"https:\/\/immigration.rowatek.com\/wp-content\/uploads\/2020\/01\/member3.jpg\" class=\"attachment-full size-full wp-image-1439\" alt=\"\" srcset=\"https:\/\/immigration.rowatek.com\/wp-content\/uploads\/2020\/01\/member3.jpg 720w, https:\/\/immigration.rowatek.com\/wp-content\/uploads\/2020\/01\/member3-219x300.jpg 219w\" sizes=\"(max-width: 720px) 100vw, 720px\" \/>\t\t\t\t                    <div class=\"team-social flex-middle\">\r\n                    \t<div>\r\n                                                                                    <a rel=\"nofollow\" \r\n                                        href=\"#\" class=\"linkedin\">\r\n                                     <i class=\"fab fa-linkedin-in\"><\/i>\r\n                                <\/a>\r\n                                                                        \t<\/div>\r\n                    <\/div>  \r\n                \t\t\t<\/div>\r\n\t\t\t\t\t\t<div class=\"team-info\">\r\n\t\t\t\t<h4>Camelia<\/h4>\r\n\t\t\t\t<span>Accountant<\/span>\r\n\t\t\t<\/div>\r\n\t\t<\/div>\r\n\t        \r\n\t    \t\t<\/div>\n\t\t\t\t<\/div>\n\t\t\t\t\t<\/div>\n\t\t<\/div>\n\t\t\t\t<div class=\"elementor-column elementor-col-25 elementor-inner-column elementor-element elementor-element-a87737f ot-flex-column-vertical\" data-id=\"a87737f\" data-element_type=\"column\">\n\t\t\t<div class=\"elementor-widget-wrap elementor-element-populated\">\n\t\t\t\t\t\t\t\t<div class=\"elementor-element elementor-element-4d3c6d6 elementor-widget elementor-widget-imember\" data-id=\"4d3c6d6\" data-element_type=\"widget\" data-widget_type=\"imember.default\">\n\t\t\t\t<div class=\"elementor-widget-container\">\n\t\t\t\r\n\t\t<div class=\"team-wrap\">\r\n\t\t\t\t\t\t<div class=\"team-thumb\">\r\n\t\t\t\t<img loading=\"lazy\" decoding=\"async\" width=\"720\" height=\"986\" src=\"https:\/\/immigration.rowatek.com\/wp-content\/uploads\/2020\/01\/member4.jpg\" class=\"attachment-full size-full wp-image-1440\" alt=\"\" srcset=\"https:\/\/immigration.rowatek.com\/wp-content\/uploads\/2020\/01\/member4.jpg 720w, https:\/\/immigration.rowatek.com\/wp-content\/uploads\/2020\/01\/member4-219x300.jpg 219w\" sizes=\"(max-width: 720px) 100vw, 720px\" \/>\t\t\t\t                    <div class=\"team-social flex-middle\">\r\n                    \t<div>\r\n                                                                                    <a rel=\"nofollow\" \r\n                                        href=\"#\" class=\"instagram\">\r\n                                     <i class=\"fab fa-instagram\"><\/i>\r\n                                <\/a>\r\n                                                                        \t<\/div>\r\n                    <\/div>  \r\n                \t\t\t<\/div>\r\n\t\t\t\t\t\t<div class=\"team-info\">\r\n\t\t\t\t<h4>Abdlah<\/h4>\r\n\t\t\t\t<span>HR<\/span>\r\n\t\t\t<\/div>\r\n\t\t<\/div>\r\n\t        \r\n\t    \t\t<\/div>\n\t\t\t\t<\/div>\n\t\t\t\t\t<\/div>\n\t\t<\/div>\n\t\t\t\t\t\t\t<\/div>\n\t\t<\/section>\n\t\t\t\t\t<\/div>\n\t\t<\/div>\n\t\t\t\t\t\t\t<\/div>\n\t\t<\/section>\n\t\t\t\t\t\t\t<\/div>\n\t\t","protected":false},"excerpt":{"rendered":"<p>company Sobre a empresa Na Falamabordo, orgulhamo-nos de fornecer servi\u00e7os abrangentes nas \u00e1reas de viagens, imigra\u00e7\u00e3o, turismo e estudos no estrangeiro. A nossa sede est\u00e1 localizada no cora\u00e7\u00e3o da capital portuguesa, Lisboa. Servi\u00e7os tur\u00edsticos na Europa:Prestamos servi\u00e7os tur\u00edsticos especializados na Europa, onde o ajudamos a planear e organizar programas tur\u00edsticos agrad\u00e1veis \u200b\u200be personalizados que v\u00e3o [&hellip;]<\/p>\n","protected":false},"author":1,"featured_media":0,"parent":0,"menu_order":0,"comment_status":"closed","ping_status":"closed","template":"","meta":{"footnotes":""},"class_list":["post-6298","page","type-page","status-publish","hentry"],"lang":"pt","translations":{"pt":6298,"en":6119,"ar":1579},"pll_sync_post":[],"_links":{"self":[{"href":"https:\/\/immigration.rowatek.com\/index.php\/wp-json\/wp\/v2\/pages\/6298","targetHints":{"allow":["GET"]}}],"collection":[{"href":"https:\/\/immigration.rowatek.com\/index.php\/wp-json\/wp\/v2\/pages"}],"about":[{"href":"https:\/\/immigration.rowatek.com\/index.php\/wp-json\/wp\/v2\/types\/page"}],"author":[{"embeddable":true,"href":"https:\/\/immigration.rowatek.com\/index.php\/wp-json\/wp\/v2\/users\/1"}],"replies":[{"embeddable":true,"href":"https:\/\/immigration.rowatek.com\/index.php\/wp-json\/wp\/v2\/comments?post=6298"}],"version-history":[{"count":19,"href":"https:\/\/immigration.rowatek.com\/index.php\/wp-json\/wp\/v2\/pages\/6298\/revisions"}],"predecessor-version":[{"id":6537,"href":"https:\/\/immigration.rowatek.com\/index.php\/wp-json\/wp\/v2\/pages\/6298\/revisions\/6537"}],"wp:attachment":[{"href":"https:\/\/immigration.rowatek.com\/index.php\/wp-json\/wp\/v2\/media?parent=6298"}],"curies":[{"name":"wp","href":"https:\/\/api.w.org\/{rel}","templated":true}]}}