{"id":6354,"date":"2023-11-24T21:41:29","date_gmt":"2023-11-24T21:41:29","guid":{"rendered":"https:\/\/immigration.rowatek.com\/?page_id=6354"},"modified":"2023-11-24T21:47:13","modified_gmt":"2023-11-24T21:47:13","slug":"servicos-de-registro-de-bolsas","status":"publish","type":"page","link":"https:\/\/immigration.rowatek.com\/index.php\/pt\/servicos-de-registro-de-bolsas\/","title":{"rendered":"Servi\u00e7os de registro de bolsas"},"content":{"rendered":"\t\t<div data-elementor-type=\"wp-page\" data-elementor-id=\"6354\" class=\"elementor elementor-6354\">\n\t\t\t\t\t\t\t\t\t<section class=\"elementor-section elementor-top-section elementor-element elementor-element-f7ffdaf ot-traditional elementor-section-boxed elementor-section-height-default elementor-section-height-default\" data-id=\"f7ffdaf\" data-element_type=\"section\" data-settings=\"{&quot;background_background&quot;:&quot;classic&quot;}\">\n\t\t\t\t\t\t<div class=\"elementor-container elementor-column-gap-extended\">\n\t\t\t\t\t<div class=\"elementor-column elementor-col-100 elementor-top-column elementor-element elementor-element-6665190 ot-flex-column-vertical\" data-id=\"6665190\" data-element_type=\"column\">\n\t\t\t<div class=\"elementor-widget-wrap elementor-element-populated\">\n\t\t\t\t\t\t\t\t<div class=\"elementor-element elementor-element-5c56f12 elementor-widget elementor-widget-iheading\" data-id=\"5c56f12\" data-element_type=\"widget\" data-widget_type=\"iheading.default\">\n\t\t\t\t<div class=\"elementor-widget-container\">\n\t\t\t\t\t<div class=\"ot-heading\">\r\n\t        \t            <span>Nosso servi\u00e7o<\/span>\r\n\t        <h2 class=\"main-heading\">Servi\u00e7os de Registro de Bolsas: Sua vis\u00e3o para a educa\u00e7\u00e3o, nosso sonho para alcan\u00e7\u00e1-la<\/h2>\t    <\/div>\r\n\t    \t\t<\/div>\n\t\t\t\t<\/div>\n\t\t\t\t<div class=\"elementor-element elementor-element-ae59a69 elementor-widget elementor-widget-text-editor\" data-id=\"ae59a69\" data-element_type=\"widget\" data-widget_type=\"text-editor.default\">\n\t\t\t\t<div class=\"elementor-widget-container\">\n\t\t\t<style>\/*! elementor - v3.17.0 - 08-11-2023 *\/\n.elementor-widget-text-editor.elementor-drop-cap-view-stacked .elementor-drop-cap{background-color:#69727d;color:#fff}.elementor-widget-text-editor.elementor-drop-cap-view-framed .elementor-drop-cap{color:#69727d;border:3px solid;background-color:transparent}.elementor-widget-text-editor:not(.elementor-drop-cap-view-default) .elementor-drop-cap{margin-top:8px}.elementor-widget-text-editor:not(.elementor-drop-cap-view-default) .elementor-drop-cap-letter{width:1em;height:1em}.elementor-widget-text-editor .elementor-drop-cap{float:left;text-align:center;line-height:1;font-size:50px}.elementor-widget-text-editor .elementor-drop-cap-letter{display:inline-block}<\/style>\t\t\t\t<p>Na Falamabordo, temos orgulho em oferecer servi\u00e7os de registo de bolsas de estudo a estudantes ambiciosos que procuram uma educa\u00e7\u00e3o europeia de excel\u00eancia.<br \/>Acreditamos que a educa\u00e7\u00e3o \u00e9 a chave para a realiza\u00e7\u00e3o de sonhos e, atrav\u00e9s dos nossos servi\u00e7os, ajudamos os alunos a escolher as melhores oportunidades de estudo e bolsas adequadas para eles.<\/p>\t\t\t\t\t\t<\/div>\n\t\t\t\t<\/div>\n\t\t\t\t<section class=\"elementor-section elementor-inner-section elementor-element elementor-element-57af9e5 elementor-section-full_width ot-traditional elementor-section-height-default elementor-section-height-default\" data-id=\"57af9e5\" data-element_type=\"section\">\n\t\t\t\t\t\t<div class=\"elementor-container elementor-column-gap-extended\">\n\t\t\t\t\t<div class=\"elementor-column elementor-col-50 elementor-inner-column elementor-element elementor-element-a8a9a48 ot-flex-column-vertical\" data-id=\"a8a9a48\" data-element_type=\"column\">\n\t\t\t<div class=\"elementor-widget-wrap elementor-element-populated\">\n\t\t\t\t\t\t\t\t<div class=\"elementor-element elementor-element-a3f7242 elementor-widget elementor-widget-iiconbox1\" data-id=\"a3f7242\" data-element_type=\"widget\" data-widget_type=\"iiconbox1.default\">\n\t\t\t\t<div class=\"elementor-widget-container\">\n\t\t\t\t\t<div class=\"icon-box-s1\">\r\n\t\t\t<div class=\"icon-main\">\r\n\t\t        \t\t\t    \t\t        <span class=\"flaticon-medal\"><\/span>\t        <\/div>\r\n\t        <h5>\u00d3tima experi\u00eancia<\/h5>\r\n\t        <div class=\"line-box\"><\/div>\r\n\t        <p>Temos grande experi\u00eancia neste campo<\/p>\r\n\t    <\/div>\r\n\t    \t\t<\/div>\n\t\t\t\t<\/div>\n\t\t\t\t\t<\/div>\n\t\t<\/div>\n\t\t\t\t<div class=\"elementor-column elementor-col-50 elementor-inner-column elementor-element elementor-element-e0a9c03 ot-flex-column-vertical\" data-id=\"e0a9c03\" data-element_type=\"column\">\n\t\t\t<div class=\"elementor-widget-wrap elementor-element-populated\">\n\t\t\t\t\t\t\t\t<div class=\"elementor-element elementor-element-b90ddea elementor-widget elementor-widget-iiconbox1\" data-id=\"b90ddea\" data-element_type=\"widget\" data-widget_type=\"iiconbox1.default\">\n\t\t\t\t<div class=\"elementor-widget-container\">\n\t\t\t\t\t<div class=\"icon-box-s1\">\r\n\t\t\t<div class=\"icon-main\">\r\n\t\t        \t\t\t    \t\t        <span class=\"flaticon-gear\"><\/span>\t        <\/div>\r\n\t        <h5>Suporte t\u00e9cnico<\/h5>\r\n\t        <div class=\"line-box\"><\/div>\r\n\t        <p>Consultoria e suporte t\u00e9cnico 24 horas por dia<\/p>\r\n\t    <\/div>\r\n\t    \t\t<\/div>\n\t\t\t\t<\/div>\n\t\t\t\t\t<\/div>\n\t\t<\/div>\n\t\t\t\t\t\t\t<\/div>\n\t\t<\/section>\n\t\t\t\t\t<\/div>\n\t\t<\/div>\n\t\t\t\t\t\t\t<\/div>\n\t\t<\/section>\n\t\t\t\t<section class=\"elementor-section elementor-top-section elementor-element elementor-element-96895f0 ot-traditional elementor-section-boxed elementor-section-height-default elementor-section-height-default\" data-id=\"96895f0\" data-element_type=\"section\">\n\t\t\t\t\t\t<div class=\"elementor-container elementor-column-gap-default\">\n\t\t\t\t\t<div class=\"elementor-column elementor-col-100 elementor-top-column elementor-element elementor-element-7071f49 ot-flex-column-vertical\" data-id=\"7071f49\" data-element_type=\"column\">\n\t\t\t<div class=\"elementor-widget-wrap elementor-element-populated\">\n\t\t\t\t\t\t\t\t<div class=\"elementor-element elementor-element-4adef98 elementor-widget elementor-widget-iheading\" data-id=\"4adef98\" data-element_type=\"widget\" data-widget_type=\"iheading.default\">\n\t\t\t\t<div class=\"elementor-widget-container\">\n\t\t\t\t\t<div class=\"ot-heading\">\r\n\t        <h2 class=\"main-heading\">Por que escolher nossos servi\u00e7os?<\/h2>\t    <\/div>\r\n\t    \t\t<\/div>\n\t\t\t\t<\/div>\n\t\t\t\t<section class=\"elementor-section elementor-inner-section elementor-element elementor-element-65789da elementor-section-full_width ot-traditional elementor-section-height-default elementor-section-height-default\" data-id=\"65789da\" data-element_type=\"section\">\n\t\t\t\t\t\t<div class=\"elementor-container elementor-column-gap-extended\">\n\t\t\t\t\t<div class=\"elementor-column elementor-col-50 elementor-inner-column elementor-element elementor-element-3752ad5 ot-flex-column-vertical\" data-id=\"3752ad5\" data-element_type=\"column\">\n\t\t\t<div class=\"elementor-widget-wrap elementor-element-populated\">\n\t\t\t\t\t\t\t\t<div class=\"elementor-element elementor-element-d11b3eb elementor-widget elementor-widget-iservice_box\" data-id=\"d11b3eb\" data-element_type=\"widget\" data-widget_type=\"iservice_box.default\">\n\t\t\t\t<div class=\"elementor-widget-container\">\n\t\t\t\r\n\t\t<div class=\"service-box s-box\">\r\n\t\t\t<span class=\"big-number\">01<\/span>\r\n\t\t\t<div class=\"icon-main\">\r\n\t\t        \t\t\t    \t\t        <span class=\"flaticon-correct\"><\/span>\t        <\/div>\r\n\t        <div class=\"content-box\">\r\n\t            <h5>Consulta pessoal<\/h5>\r\n\t            <p>Nossa equipe de consultores especializados oferece atendimento individual aos alunos, durante os quais suas necessidades s\u00e3o analisadas e direcionadas para bolsas que se adequem \u00e0 sua vis\u00e3o de educa\u00e7\u00e3o.<\/p>\r\n\t        <\/div>\r\n\t    <\/div>\r\n\r\n\t    \t\t<\/div>\n\t\t\t\t<\/div>\n\t\t\t\t\t<\/div>\n\t\t<\/div>\n\t\t\t\t<div class=\"elementor-column elementor-col-50 elementor-inner-column elementor-element elementor-element-ed097c2 ot-flex-column-vertical\" data-id=\"ed097c2\" data-element_type=\"column\">\n\t\t\t<div class=\"elementor-widget-wrap elementor-element-populated\">\n\t\t\t\t\t\t\t\t<div class=\"elementor-element elementor-element-c0d1cff elementor-widget elementor-widget-iservice_box\" data-id=\"c0d1cff\" data-element_type=\"widget\" data-widget_type=\"iservice_box.default\">\n\t\t\t\t<div class=\"elementor-widget-container\">\n\t\t\t\r\n\t\t<div class=\"service-box s-box\">\r\n\t\t\t<span class=\"big-number\">02<\/span>\r\n\t\t\t<div class=\"icon-main\">\r\n\t\t        \t\t\t    \t\t        <span class=\"flaticon-correct\"><\/span>\t        <\/div>\r\n\t        <div class=\"content-box\">\r\n\t            <h5>Escolhendo as bolsas ideais<\/h5>\r\n\t            <p>Ajudamos os alunos a escolher bolsas de estudo que atendam \u00e0s suas necessidades acad\u00eamicas e or\u00e7amento, ao mesmo tempo em que nos concentramos em oferecer oportunidades educacionais diferenciadas.<\/p>\r\n\t        <\/div>\r\n\t    <\/div>\r\n\r\n\t    \t\t<\/div>\n\t\t\t\t<\/div>\n\t\t\t\t\t<\/div>\n\t\t<\/div>\n\t\t\t\t\t\t\t<\/div>\n\t\t<\/section>\n\t\t\t\t<section class=\"elementor-section elementor-inner-section elementor-element elementor-element-2488e3f elementor-section-full_width ot-traditional elementor-section-height-default elementor-section-height-default\" data-id=\"2488e3f\" data-element_type=\"section\">\n\t\t\t\t\t\t<div class=\"elementor-container elementor-column-gap-extended\">\n\t\t\t\t\t<div class=\"elementor-column elementor-col-50 elementor-inner-column elementor-element elementor-element-1695f3d ot-flex-column-vertical\" data-id=\"1695f3d\" data-element_type=\"column\">\n\t\t\t<div class=\"elementor-widget-wrap elementor-element-populated\">\n\t\t\t\t\t\t\t\t<div class=\"elementor-element elementor-element-1df4ad3 elementor-widget elementor-widget-iservice_box\" data-id=\"1df4ad3\" data-element_type=\"widget\" data-widget_type=\"iservice_box.default\">\n\t\t\t\t<div class=\"elementor-widget-container\">\n\t\t\t\r\n\t\t<div class=\"service-box s-box\">\r\n\t\t\t<span class=\"big-number\">03<\/span>\r\n\t\t\t<div class=\"icon-main\">\r\n\t\t        \t\t\t    \t\t        <span class=\"flaticon-correct\"><\/span>\t        <\/div>\r\n\t        <div class=\"content-box\">\r\n\t            <h5>Orienta\u00e7\u00e3o para atender aos requisitos<\/h5>\r\n\t            <p>Orientamos os alunos sobre como cumprir os requisitos e condi\u00e7\u00f5es da bolsa, ajudando-os a enviar inscri\u00e7\u00f5es s\u00f3lidas e bem-sucedidas.<\/p>\r\n\t        <\/div>\r\n\t    <\/div>\r\n\r\n\t    \t\t<\/div>\n\t\t\t\t<\/div>\n\t\t\t\t\t<\/div>\n\t\t<\/div>\n\t\t\t\t<div class=\"elementor-column elementor-col-50 elementor-inner-column elementor-element elementor-element-91a4431 ot-flex-column-vertical\" data-id=\"91a4431\" data-element_type=\"column\">\n\t\t\t<div class=\"elementor-widget-wrap elementor-element-populated\">\n\t\t\t\t\t\t\t\t<div class=\"elementor-element elementor-element-db0596d elementor-widget elementor-widget-iservice_box\" data-id=\"db0596d\" data-element_type=\"widget\" data-widget_type=\"iservice_box.default\">\n\t\t\t\t<div class=\"elementor-widget-container\">\n\t\t\t\r\n\t\t<div class=\"service-box s-box\">\r\n\t\t\t<span class=\"big-number\">04<\/span>\r\n\t\t\t<div class=\"icon-main\">\r\n\t\t        \t\t\t    \t\t        <span class=\"flaticon-correct\"><\/span>\t        <\/div>\r\n\t        <div class=\"content-box\">\r\n\t            <h5>Facilita\u00e7\u00f5es nos procedimentos<\/h5>\r\n\t            <p>Damos todo o apoio nos procedimentos administrativos e de registo de bolsas, o que reduz o peso da burocracia e facilita aos estudantes a submiss\u00e3o das suas candidaturas.<\/p>\r\n\t        <\/div>\r\n\t    <\/div>\r\n\r\n\t    \t\t<\/div>\n\t\t\t\t<\/div>\n\t\t\t\t\t<\/div>\n\t\t<\/div>\n\t\t\t\t\t\t\t<\/div>\n\t\t<\/section>\n\t\t\t\t\t<\/div>\n\t\t<\/div>\n\t\t\t\t\t\t\t<\/div>\n\t\t<\/section>\n\t\t\t\t<section class=\"elementor-section elementor-top-section elementor-element elementor-element-c78cff9 ot-traditional elementor-section-boxed elementor-section-height-default elementor-section-height-default\" data-id=\"c78cff9\" data-element_type=\"section\">\n\t\t\t\t\t\t<div class=\"elementor-container elementor-column-gap-default\">\n\t\t\t\t\t<div class=\"elementor-column elementor-col-100 elementor-top-column elementor-element elementor-element-e2488a3 ot-flex-column-vertical\" data-id=\"e2488a3\" data-element_type=\"column\">\n\t\t\t<div class=\"elementor-widget-wrap elementor-element-populated\">\n\t\t\t\t\t\t\t\t<div class=\"elementor-element elementor-element-49cea6d elementor-widget elementor-widget-iheading\" data-id=\"49cea6d\" data-element_type=\"widget\" data-widget_type=\"iheading.default\">\n\t\t\t\t<div class=\"elementor-widget-container\">\n\t\t\t\t\t<div class=\"ot-heading\">\r\n\t        <h2 class=\"main-heading\">Como come\u00e7amos?<\/h2>\t    <\/div>\r\n\t    \t\t<\/div>\n\t\t\t\t<\/div>\n\t\t\t\t<section class=\"elementor-section elementor-inner-section elementor-element elementor-element-207f2be elementor-section-full_width ot-traditional elementor-section-height-default elementor-section-height-default\" data-id=\"207f2be\" data-element_type=\"section\">\n\t\t\t\t\t\t<div class=\"elementor-container elementor-column-gap-extended\">\n\t\t\t\t\t<div class=\"elementor-column elementor-col-25 elementor-inner-column elementor-element elementor-element-9e6b7b6 ot-flex-column-vertical\" data-id=\"9e6b7b6\" data-element_type=\"column\">\n\t\t\t<div class=\"elementor-widget-wrap elementor-element-populated\">\n\t\t\t\t\t\t\t\t<div class=\"elementor-element elementor-element-b56bb61 elementor-widget elementor-widget-iserv_box_2\" data-id=\"b56bb61\" data-element_type=\"widget\" data-widget_type=\"iserv_box_2.default\">\n\t\t\t\t<div class=\"elementor-widget-container\">\n\t\t\t\r\n\t\t<div class=\"serv-box-2 s2\">\r\n\t\t\t<span class=\"big-number\">01<\/span>\r\n\t\t\t<div class=\"icon-main\">\r\n\t\t        \t\t\t    \t\t        <span class=\"flaticon-tablet\"><\/span>\t        <\/div>\r\n\t        <div class=\"content-box\">\r\n\t            <h5>Consulta imediata<\/h5>\r\n\t\t\t\t<div>Marque hoje mesmo a sua consulta imediata. Nossos consultores examinar\u00e3o seus objetivos e necessidades para orient\u00e1-lo em dire\u00e7\u00e3o a bolsas de estudo adequadas.<\/div>\r\n\t\t\t\t<a class=\"btn-details\"><\/a>\r\n\t        <\/div>\r\n\t    <\/div>\r\n\r\n\t    \t\t<\/div>\n\t\t\t\t<\/div>\n\t\t\t\t\t<\/div>\n\t\t<\/div>\n\t\t\t\t<div class=\"elementor-column elementor-col-25 elementor-inner-column elementor-element elementor-element-36f9763 ot-flex-column-vertical\" data-id=\"36f9763\" data-element_type=\"column\">\n\t\t\t<div class=\"elementor-widget-wrap elementor-element-populated\">\n\t\t\t\t\t\t\t\t<div class=\"elementor-element elementor-element-82ee420 elementor-widget elementor-widget-iserv_box_2\" data-id=\"82ee420\" data-element_type=\"widget\" data-widget_type=\"iserv_box_2.default\">\n\t\t\t\t<div class=\"elementor-widget-container\">\n\t\t\t\r\n\t\t<div class=\"serv-box-2 s2\">\r\n\t\t\t<span class=\"big-number\">02<\/span>\r\n\t\t\t<div class=\"icon-main\">\r\n\t\t        \t\t\t    \t\t        <span class=\"flaticon-ui\"><\/span>\t        <\/div>\r\n\t        <div class=\"content-box\">\r\n\t            <h5>Escolhendo uma bolsa de estudos<\/h5>\r\n\t\t\t\t<div>Com base na consulta, iremos ajud\u00e1-lo a escolher a bolsa que se adapta \u00e0s suas expectativas e ambi\u00e7\u00f5es.<\/div>\r\n\t\t\t\t<a class=\"btn-details\"><\/a>\r\n\t        <\/div>\r\n\t    <\/div>\r\n\r\n\t    \t\t<\/div>\n\t\t\t\t<\/div>\n\t\t\t\t\t<\/div>\n\t\t<\/div>\n\t\t\t\t<div class=\"elementor-column elementor-col-25 elementor-inner-column elementor-element elementor-element-5fffcfd ot-flex-column-vertical\" data-id=\"5fffcfd\" data-element_type=\"column\">\n\t\t\t<div class=\"elementor-widget-wrap elementor-element-populated\">\n\t\t\t\t\t\t\t\t<div class=\"elementor-element elementor-element-d6c3ea1 elementor-widget elementor-widget-iserv_box_2\" data-id=\"d6c3ea1\" data-element_type=\"widget\" data-widget_type=\"iserv_box_2.default\">\n\t\t\t\t<div class=\"elementor-widget-container\">\n\t\t\t\r\n\t\t<div class=\"serv-box-2 s2\">\r\n\t\t\t<span class=\"big-number\">03<\/span>\r\n\t\t\t<div class=\"icon-main\">\r\n\t\t        \t\t\t    \t\t        <span class=\"flaticon-report\"><\/span>\t        <\/div>\r\n\t        <div class=\"content-box\">\r\n\t            <h5>Cumprindo os requisitos da concess\u00e3o<\/h5>\r\n\t\t\t\t<div>Orientamos voc\u00ea passo a passo para garantir que voc\u00ea atenda com efici\u00eancia aos requisitos e condi\u00e7\u00f5es da bolsa.<\/div>\r\n\t\t\t\t<a class=\"btn-details\"><\/a>\r\n\t        <\/div>\r\n\t    <\/div>\r\n\r\n\t    \t\t<\/div>\n\t\t\t\t<\/div>\n\t\t\t\t\t<\/div>\n\t\t<\/div>\n\t\t\t\t<div class=\"elementor-column elementor-col-25 elementor-inner-column elementor-element elementor-element-e361476 ot-flex-column-vertical\" data-id=\"e361476\" data-element_type=\"column\">\n\t\t\t<div class=\"elementor-widget-wrap elementor-element-populated\">\n\t\t\t\t\t\t\t\t<div class=\"elementor-element elementor-element-7e7329a elementor-widget elementor-widget-iserv_box_2\" data-id=\"7e7329a\" data-element_type=\"widget\" data-widget_type=\"iserv_box_2.default\">\n\t\t\t\t<div class=\"elementor-widget-container\">\n\t\t\t\r\n\t\t<div class=\"serv-box-2 s2\">\r\n\t\t\t<span class=\"big-number\">04<\/span>\r\n\t\t\t<div class=\"icon-main\">\r\n\t\t        \t\t\t    \t\t        <span class=\"flaticon-report\"><\/span>\t        <\/div>\r\n\t        <div class=\"content-box\">\r\n\t            <h5>Envie a inscri\u00e7\u00e3o<\/h5>\r\n\t\t\t\t<div>Ajudamos voc\u00ea a enviar sua inscri\u00e7\u00e3o de maneira profissional e facilitamos o processo de registro para voc\u00ea.<\/div>\r\n\t\t\t\t<a class=\"btn-details\"><\/a>\r\n\t        <\/div>\r\n\t    <\/div>\r\n\r\n\t    \t\t<\/div>\n\t\t\t\t<\/div>\n\t\t\t\t\t<\/div>\n\t\t<\/div>\n\t\t\t\t\t\t\t<\/div>\n\t\t<\/section>\n\t\t\t\t\t<\/div>\n\t\t<\/div>\n\t\t\t\t\t\t\t<\/div>\n\t\t<\/section>\n\t\t\t\t<section class=\"elementor-section elementor-top-section elementor-element elementor-element-20f62d5 ot-traditional elementor-section-boxed elementor-section-height-default elementor-section-height-default\" data-id=\"20f62d5\" data-element_type=\"section\">\n\t\t\t\t\t\t<div class=\"elementor-container elementor-column-gap-default\">\n\t\t\t\t\t<div class=\"elementor-column elementor-col-100 elementor-top-column elementor-element elementor-element-98a5087 ot-flex-column-vertical\" data-id=\"98a5087\" data-element_type=\"column\">\n\t\t\t<div class=\"elementor-widget-wrap elementor-element-populated\">\n\t\t\t\t\t\t\t\t<section class=\"elementor-section elementor-inner-section elementor-element elementor-element-aeb72eb elementor-section-full_width ot-traditional elementor-section-height-default elementor-section-height-default\" data-id=\"aeb72eb\" data-element_type=\"section\">\n\t\t\t\t\t\t<div class=\"elementor-container elementor-column-gap-extended\">\n\t\t\t\t\t<div class=\"elementor-column elementor-col-100 elementor-inner-column elementor-element elementor-element-69455cb elementor-hidden-tablet elementor-hidden-phone ot-flex-column-vertical\" data-id=\"69455cb\" data-element_type=\"column\">\n\t\t\t<div class=\"elementor-widget-wrap elementor-element-populated\">\n\t\t\t\t\t\t\t\t<div class=\"elementor-element elementor-element-8a82627 elementor-widget elementor-widget-text-editor\" data-id=\"8a82627\" data-element_type=\"widget\" data-widget_type=\"text-editor.default\">\n\t\t\t\t<div class=\"elementor-widget-container\">\n\t\t\t\t\t\t\t<p>Construa o seu caminho para um futuro promissor com Falamabordo. Contate-nos hoje para perguntar e marcar sua consulta imediata.<\/p>\t\t\t\t\t\t<\/div>\n\t\t\t\t<\/div>\n\t\t\t\t<div class=\"elementor-element elementor-element-5cd4a83 elementor-widget elementor-widget-spacer\" data-id=\"5cd4a83\" data-element_type=\"widget\" data-widget_type=\"spacer.default\">\n\t\t\t\t<div class=\"elementor-widget-container\">\n\t\t\t<style>\/*! elementor - v3.17.0 - 08-11-2023 *\/\n.elementor-column .elementor-spacer-inner{height:var(--spacer-size)}.e-con{--container-widget-width:100%}.e-con-inner>.elementor-widget-spacer,.e-con>.elementor-widget-spacer{width:var(--container-widget-width,var(--spacer-size));--align-self:var(--container-widget-align-self,initial);--flex-shrink:0}.e-con-inner>.elementor-widget-spacer>.elementor-widget-container,.e-con>.elementor-widget-spacer>.elementor-widget-container{height:100%;width:100%}.e-con-inner>.elementor-widget-spacer>.elementor-widget-container>.elementor-spacer,.e-con>.elementor-widget-spacer>.elementor-widget-container>.elementor-spacer{height:100%}.e-con-inner>.elementor-widget-spacer>.elementor-widget-container>.elementor-spacer>.elementor-spacer-inner,.e-con>.elementor-widget-spacer>.elementor-widget-container>.elementor-spacer>.elementor-spacer-inner{height:var(--container-widget-height,var(--spacer-size))}.e-con-inner>.elementor-widget-spacer.elementor-widget-empty,.e-con>.elementor-widget-spacer.elementor-widget-empty{position:relative;min-height:22px;min-width:22px}.e-con-inner>.elementor-widget-spacer.elementor-widget-empty .elementor-widget-empty-icon,.e-con>.elementor-widget-spacer.elementor-widget-empty .elementor-widget-empty-icon{position:absolute;top:0;bottom:0;left:0;right:0;margin:auto;padding:0;width:22px;height:22px}<\/style>\t\t<div class=\"elementor-spacer\">\n\t\t\t<div class=\"elementor-spacer-inner\"><\/div>\n\t\t<\/div>\n\t\t\t\t<\/div>\n\t\t\t\t<\/div>\n\t\t\t\t<div class=\"elementor-element elementor-element-c5033fb elementor-align-center elementor-widget elementor-widget-ibutton\" data-id=\"c5033fb\" data-element_type=\"widget\" data-widget_type=\"ibutton.default\">\n\t\t\t\t<div class=\"elementor-widget-container\">\n\t\t\t\t\t<div class=\"ot-button\">\r\n\t\t\t<a href=\"https:\/\/immigration.rowatek.com\/index.php\/pt\/conecte-se-conosco\/\" class=\"octf-btn octf-btn-primary\">ligue para n\u00f3s<\/a>\r\n\t    <\/div>\r\n\t    \t\t<\/div>\n\t\t\t\t<\/div>\n\t\t\t\t\t<\/div>\n\t\t<\/div>\n\t\t\t\t\t\t\t<\/div>\n\t\t<\/section>\n\t\t\t\t\t<\/div>\n\t\t<\/div>\n\t\t\t\t\t\t\t<\/div>\n\t\t<\/section>\n\t\t\t\t\t\t\t<\/div>\n\t\t","protected":false},"excerpt":{"rendered":"<p>Nosso servi\u00e7o Servi\u00e7os de Registro de Bolsas: Sua vis\u00e3o para a educa\u00e7\u00e3o, nosso sonho para alcan\u00e7\u00e1-la Na Falamabordo, temos orgulho em oferecer servi\u00e7os de registo de bolsas de estudo a estudantes ambiciosos que procuram uma educa\u00e7\u00e3o europeia de excel\u00eancia.Acreditamos que a educa\u00e7\u00e3o \u00e9 a chave para a realiza\u00e7\u00e3o de sonhos e, atrav\u00e9s dos nossos servi\u00e7os, [&hellip;]<\/p>\n","protected":false},"author":1,"featured_media":0,"parent":0,"menu_order":0,"comment_status":"closed","ping_status":"closed","template":"","meta":{"footnotes":""},"class_list":["post-6354","page","type-page","status-publish","hentry"],"lang":"pt","translations":{"pt":6354,"en":6194,"ar":5926},"pll_sync_post":[],"_links":{"self":[{"href":"https:\/\/immigration.rowatek.com\/index.php\/wp-json\/wp\/v2\/pages\/6354","targetHints":{"allow":["GET"]}}],"collection":[{"href":"https:\/\/immigration.rowatek.com\/index.php\/wp-json\/wp\/v2\/pages"}],"about":[{"href":"https:\/\/immigration.rowatek.com\/index.php\/wp-json\/wp\/v2\/types\/page"}],"author":[{"embeddable":true,"href":"https:\/\/immigration.rowatek.com\/index.php\/wp-json\/wp\/v2\/users\/1"}],"replies":[{"embeddable":true,"href":"https:\/\/immigration.rowatek.com\/index.php\/wp-json\/wp\/v2\/comments?post=6354"}],"version-history":[{"count":16,"href":"https:\/\/immigration.rowatek.com\/index.php\/wp-json\/wp\/v2\/pages\/6354\/revisions"}],"predecessor-version":[{"id":6370,"href":"https:\/\/immigration.rowatek.com\/index.php\/wp-json\/wp\/v2\/pages\/6354\/revisions\/6370"}],"wp:attachment":[{"href":"https:\/\/immigration.rowatek.com\/index.php\/wp-json\/wp\/v2\/media?parent=6354"}],"curies":[{"name":"wp","href":"https:\/\/api.w.org\/{rel}","templated":true}]}}