{"id":6399,"date":"2023-11-24T22:01:06","date_gmt":"2023-11-24T22:01:06","guid":{"rendered":"https:\/\/immigration.rowatek.com\/?page_id=6399"},"modified":"2023-11-26T21:17:26","modified_gmt":"2023-11-26T21:17:26","slug":"politica-de-privacidade","status":"publish","type":"page","link":"https:\/\/immigration.rowatek.com\/index.php\/pt\/politica-de-privacidade\/","title":{"rendered":"pol\u00edtica de Privacidade"},"content":{"rendered":"\t\t<div data-elementor-type=\"wp-page\" data-elementor-id=\"6399\" class=\"elementor elementor-6399\">\n\t\t\t\t\t\t\t<div class=\"elementor-element elementor-element-abd3032 e-flex e-con-boxed e-con e-parent\" data-id=\"abd3032\" data-element_type=\"container\" data-settings=\"{&quot;content_width&quot;:&quot;boxed&quot;}\" data-core-v316-plus=\"true\">\n\t\t\t\t\t<div class=\"e-con-inner\">\n\t\t\t\t<div class=\"elementor-element elementor-element-0f4aece elementor-widget elementor-widget-text-editor\" data-id=\"0f4aece\" data-element_type=\"widget\" data-widget_type=\"text-editor.default\">\n\t\t\t\t<div class=\"elementor-widget-container\">\n\t\t\t<style>\/*! elementor - v3.17.0 - 08-11-2023 *\/\n.elementor-widget-text-editor.elementor-drop-cap-view-stacked .elementor-drop-cap{background-color:#69727d;color:#fff}.elementor-widget-text-editor.elementor-drop-cap-view-framed .elementor-drop-cap{color:#69727d;border:3px solid;background-color:transparent}.elementor-widget-text-editor:not(.elementor-drop-cap-view-default) .elementor-drop-cap{margin-top:8px}.elementor-widget-text-editor:not(.elementor-drop-cap-view-default) .elementor-drop-cap-letter{width:1em;height:1em}.elementor-widget-text-editor .elementor-drop-cap{float:left;text-align:center;line-height:1;font-size:50px}.elementor-widget-text-editor .elementor-drop-cap-letter{display:inline-block}<\/style>\t\t\t\t<p>pol\u00edtica de Privacidade<br \/>Data da \u00faltima atualiza\u00e7\u00e3o: 26\/11\/2023<\/p><p>N\u00f3s, falamosabordo, temos o compromisso de proteger a privacidade das suas informa\u00e7\u00f5es pessoais. Por favor, leia esta pol\u00edtica com aten\u00e7\u00e3o para entender como coletamos, usamos e protegemos suas informa\u00e7\u00f5es pessoais.<\/p><p>Informa\u00e7\u00f5es que coletamos<br \/>Quando voc\u00ea interage com nossos Servi\u00e7os, podemos coletar suas informa\u00e7\u00f5es pessoais, como:<\/p><p>o nome<br \/>Endere\u00e7o de email<br \/>n\u00famero de telefone<br \/>Informa\u00e7\u00e3o fotogr\u00e1fica<br \/>Informa\u00e7\u00e3o de pagamento<br \/>Como usar as informa\u00e7\u00f5es<br \/>Usamos as informa\u00e7\u00f5es que coletamos para fins espec\u00edficos, incluindo:<\/p><p>Fornecer e melhorar nossos servi\u00e7os<br \/>Comunique-se com voc\u00ea de forma eficaz<br \/>Personalize sua experi\u00eancia conosco<br \/>Processar transa\u00e7\u00f5es e fornecer suporte<br \/>Compartilhar informa\u00e7\u00e3o<br \/>N\u00e3o compartilhamos suas informa\u00e7\u00f5es pessoais com terceiros sem o seu consentimento, exceto quando exigido pelas leis aplic\u00e1veis.<\/p><p>Seguran\u00e7a<br \/>Tomamos medidas de seguran\u00e7a adequadas para proteger as suas informa\u00e7\u00f5es pessoais contra acesso n\u00e3o autorizado, uso ilegal ou destrui\u00e7\u00e3o acidental.<\/p><p>Direitos individuais<br \/>Voc\u00ea tem direitos em rela\u00e7\u00e3o \u00e0s suas informa\u00e7\u00f5es pessoais, incluindo o direito de acess\u00e1-las, corrigi-las e exclu\u00ed-las. Entre em contato conosco para mais informa\u00e7\u00f5es.<\/p><p>Mudan\u00e7as na Pol\u00edtica de Privacidade<br \/>Reservamo-nos o direito de atualizar esta pol\u00edtica periodicamente. Revise-o regularmente para se manter atualizado com nossos \u00faltimos desenvolvimentos em pr\u00e1ticas de privacidade.<\/p><p>Contate-nos<br \/>Se tiver alguma d\u00favida ou preocupa\u00e7\u00e3o sobre a nossa Pol\u00edtica de Privacidade, entre em contacto connosco atrav\u00e9s do email geral@falamabordo.pt.<\/p><p>Obrigado por escolher Falaabordo. Temos o compromisso de proteger sua privacidade e tornar sua experi\u00eancia conosco segura e confort\u00e1vel.<\/p>\t\t\t\t\t\t<\/div>\n\t\t\t\t<\/div>\n\t\t\t\t\t<\/div>\n\t\t\t\t<\/div>\n\t\t\t\t\t\t\t<\/div>\n\t\t","protected":false},"excerpt":{"rendered":"<p>pol\u00edtica de PrivacidadeData da \u00faltima atualiza\u00e7\u00e3o: 26\/11\/2023 N\u00f3s, falamosabordo, temos o compromisso de proteger a privacidade das suas informa\u00e7\u00f5es pessoais. Por favor, leia esta pol\u00edtica com aten\u00e7\u00e3o para entender como coletamos, usamos e protegemos suas informa\u00e7\u00f5es pessoais. Informa\u00e7\u00f5es que coletamosQuando voc\u00ea interage com nossos Servi\u00e7os, podemos coletar suas informa\u00e7\u00f5es pessoais, como: o nomeEndere\u00e7o de emailn\u00famero [&hellip;]<\/p>\n","protected":false},"author":1,"featured_media":0,"parent":0,"menu_order":0,"comment_status":"closed","ping_status":"open","template":"elementor_header_footer","meta":{"footnotes":""},"class_list":["post-6399","page","type-page","status-publish","hentry"],"lang":"pt","translations":{"pt":6399,"en":6397,"ar":3},"pll_sync_post":[],"_links":{"self":[{"href":"https:\/\/immigration.rowatek.com\/index.php\/wp-json\/wp\/v2\/pages\/6399","targetHints":{"allow":["GET"]}}],"collection":[{"href":"https:\/\/immigration.rowatek.com\/index.php\/wp-json\/wp\/v2\/pages"}],"about":[{"href":"https:\/\/immigration.rowatek.com\/index.php\/wp-json\/wp\/v2\/types\/page"}],"author":[{"embeddable":true,"href":"https:\/\/immigration.rowatek.com\/index.php\/wp-json\/wp\/v2\/users\/1"}],"replies":[{"embeddable":true,"href":"https:\/\/immigration.rowatek.com\/index.php\/wp-json\/wp\/v2\/comments?post=6399"}],"version-history":[{"count":4,"href":"https:\/\/immigration.rowatek.com\/index.php\/wp-json\/wp\/v2\/pages\/6399\/revisions"}],"predecessor-version":[{"id":6515,"href":"https:\/\/immigration.rowatek.com\/index.php\/wp-json\/wp\/v2\/pages\/6399\/revisions\/6515"}],"wp:attachment":[{"href":"https:\/\/immigration.rowatek.com\/index.php\/wp-json\/wp\/v2\/media?parent=6399"}],"curies":[{"name":"wp","href":"https:\/\/api.w.org\/{rel}","templated":true}]}}